{"id":137,"date":"2025-01-27T12:23:27","date_gmt":"2025-01-27T11:23:27","guid":{"rendered":"https:\/\/dina.uv.es\/clioviz\/?page_id=137"},"modified":"2025-10-02T14:10:21","modified_gmt":"2025-10-02T12:10:21","slug":"inicio","status":"publish","type":"page","link":"https:\/\/dina.uv.es\/clioviz\/","title":{"rendered":"Inicio"},"content":{"rendered":"<style>\r\n\/* Estilo del contenedor para centrar *\/\r\n.clioviz-container {\r\n    text-align: center; \/* Esto centra el contenido 'inline-block' (el bot\u00f3n) *\/\r\n    margin: 20px 0; \/* Agrega un poco de margen arriba y abajo para que no est\u00e9 pegado a otros elementos *\/\r\n}\r\n\r\n\/* Estilo del bot\u00f3n *\/\r\n.clioviz-btn {\r\n    display: inline-block;\r\n    padding: 10px 20px;\r\n    background-color: #0073AA;\r\n    color: #FFFFFF;\r\n    text-align: center;\r\n    text-decoration: none;\r\n    border-radius: 5px;\r\n    font-weight: bold;\r\n    font-size: 16px;\r\n    cursor: pointer;\r\n    box-shadow: 0 2px 4px rgba(0, 0, 0, 0.2);\r\n    transition: background-color 0.3s;\r\n}\r\n\r\n\/* Efecto al pasar el rat\u00f3n (opcional) *\/\r\n.clioviz-btn:hover {\r\n    background-color: #005A87;\r\n    color: #FFFFFF;\r\n}\r\n<\/style>\r\n\r\n<div class=\"clioviz-container\">\r\n    <a href=\"https:\/\/docs.google.com\/forms\/d\/e\/1FAIpQLSdR1NAGdsh24pGl7RzifbRj474iq9xveVzPmM9E5bcb_J8SgQ\/viewform?pli=1\" class=\"clioviz-btn\">\r\n        Evaluaci\u00f3n de la plataforma ClioViz\r\n    <\/a>\r\n<\/div>\r\n   \r\n<!-- \/wp:post-content -->\r\n\r\n<!-- wp:column {\"verticalAlignment\":\"center\",\"className\":\"is-style-default\",\"style\":{\"spacing\":{\"padding\":{\"top\":\"var:preset|spacing|60\",\"bottom\":\"var:preset|spacing|60\",\"left\":\"var:preset|spacing|60\",\"right\":\"var:preset|spacing|60\"}}}} -->\r\n<div class=\"wp-block-column is-vertically-aligned-center is-style-default\" style=\"padding: var(--wp--preset--spacing--60);\"><!-- wp:group {\"metadata\":{\"name\":\"Objetivo1\"},\"layout\":{\"type\":\"flex\",\"orientation\":\"vertical\",\"justifyContent\":\"center\"}} -->\r\n<div class=\"wp-block-group\"><!-- wp:image {\"id\":104,\"sizeSlug\":\"full\",\"linkDestination\":\"none\"} -->\r\n<figure class=\"wp-block-image size-full\"><img loading=\"lazy\" decoding=\"async\" width=\"1920\" height=\"850\" class=\"wp-image-104\" src=\"https:\/\/dina.uv.es\/clioviz\/wp-content\/uploads\/2025\/01\/Banner_ClioViz_3-1.png\" alt=\"\" srcset=\"https:\/\/dina.uv.es\/clioviz\/wp-content\/uploads\/2025\/01\/Banner_ClioViz_3-1.png 1920w, https:\/\/dina.uv.es\/clioviz\/wp-content\/uploads\/2025\/01\/Banner_ClioViz_3-1-300x133.png 300w, https:\/\/dina.uv.es\/clioviz\/wp-content\/uploads\/2025\/01\/Banner_ClioViz_3-1-1024x453.png 1024w, https:\/\/dina.uv.es\/clioviz\/wp-content\/uploads\/2025\/01\/Banner_ClioViz_3-1-768x340.png 768w, https:\/\/dina.uv.es\/clioviz\/wp-content\/uploads\/2025\/01\/Banner_ClioViz_3-1-1536x680.png 1536w\" sizes=\"auto, (max-width: 1920px) 100vw, 1920px\" \/><\/figure>\r\n<!-- \/wp:image -->\r\n\r\n<!-- wp:paragraph {\"fontSize\":\"large\"} -->\r\n<p class=\"has-large-font-size\"><strong>Visualizaci\u00f3n avanzada de datos hist\u00f3ricos a trav\u00e9s de mapas multidimensionales y gr\u00e1ficos interactivos<\/strong><\/p>\r\n<!-- \/wp:paragraph -->\r\n\r\n<!-- wp:paragraph {\"fontSize\":\"large\"} -->\r\n<p class=\"has-large-font-size\">Convocatoria 2021 \u2013\u00a0<em>\u00abProyectos de Generaci\u00f3n de Conocimiento\u00bb<\/em><\/p>\r\n<!-- \/wp:paragraph -->\r\n\r\n<!-- wp:paragraph {\"fontSize\":\"medium\"} -->\r\n<p class=\"has-medium-font-size\">La visualizaci\u00f3n de datos proporciona a los Usuarios medios intuitivos para explorar y analizar de forma interactiva conjuntos de datos masivos, que pueden ser din\u00e1micos, ruidosos y heterog\u00e9neos, lo que les permite identificar de manera efectiva patrones interesantes, inferir correlaciones y causalidades, y respaldar actividades de creaci\u00f3n de sentido, lo que permite amplificar la cognici\u00f3n humana.<\/p>\r\n<!-- \/wp:paragraph -->\r\n\r\n<!-- wp:paragraph {\"fontSize\":\"medium\"} -->\r\n<p class=\"has-medium-font-size\">Sin embargo, la cantidad y complejidad de los datos a los que los humanos tienen acceso a trav\u00e9s de Internet ha aumentado enormemente en los \u00faltimos a\u00f1os. En este sentido, las instituciones del Patrimonio Cultural son una gran fuente de datos de alta calidad, que en realidad no est\u00e1n siendo aprovechados por los cient\u00edficos de datos. Es importante entender, adem\u00e1s, que los datos culturales son diferentes de los proporcionados por las ciencias naturales. Rara vez son discretos y un\u00edvocos.<\/p>\r\n<!-- \/wp:paragraph -->\r\n\r\n<!-- wp:paragraph {\"fontSize\":\"medium\"} -->\r\n<p class=\"has-medium-font-size\">Encontrar formas de lidiar con sus especificidades es un gran desaf\u00edo.<\/p>\r\n<!-- \/wp:paragraph -->\r\n\r\n<!-- wp:paragraph {\"fontSize\":\"medium\"} -->\r\n<p class=\"has-medium-font-size\">As\u00ed pues, el Proyecto de Investigaci\u00f3n multidisciplinar ClioViz nace de la voluntad de poner soluci\u00f3n a la representaci\u00f3n visual de datos hist\u00f3rico-art\u00edsticos complejos, de manera accesible y con una gran usabilidad para los Usuarios.<\/p>\r\n<!-- \/wp:paragraph --><\/div>\r\n<!-- \/wp:group --><\/div>\r\n<!-- \/wp:column -->\r\n\r\n<!-- wp:column {\"width\":\"10%\"} -->\r\n<div class=\"wp-block-column\" style=\"flex-basis: 10%;\">\u00a0<\/div>\r\n<!-- \/wp:column --><\/div>\r\n<!-- \/wp:columns --><\/div>\r\n<!-- \/wp:group -->","protected":false},"excerpt":{"rendered":"<p>Evaluaci\u00f3n de la plataforma ClioViz Visualizaci\u00f3n avanzada de datos hist\u00f3ricos a trav\u00e9s de mapas multidimensionales y gr\u00e1ficos interactivos Convocatoria 2021 \u2013\u00a0\u00abProyectos de Generaci\u00f3n de Conocimiento\u00bb La visualizaci\u00f3n de datos proporciona a los Usuarios medios intuitivos para explorar y analizar de forma interactiva conjuntos de datos masivos, que pueden ser din\u00e1micos, ruidosos y heterog\u00e9neos, lo que [&hellip;]<\/p>\n","protected":false},"author":2,"featured_media":0,"parent":0,"menu_order":0,"comment_status":"closed","ping_status":"closed","template":"","meta":{"footnotes":""},"class_list":["post-137","page","type-page","status-publish","hentry"],"_links":{"self":[{"href":"https:\/\/dina.uv.es\/clioviz\/index.php\/wp-json\/wp\/v2\/pages\/137","targetHints":{"allow":["GET"]}}],"collection":[{"href":"https:\/\/dina.uv.es\/clioviz\/index.php\/wp-json\/wp\/v2\/pages"}],"about":[{"href":"https:\/\/dina.uv.es\/clioviz\/index.php\/wp-json\/wp\/v2\/types\/page"}],"author":[{"embeddable":true,"href":"https:\/\/dina.uv.es\/clioviz\/index.php\/wp-json\/wp\/v2\/users\/2"}],"replies":[{"embeddable":true,"href":"https:\/\/dina.uv.es\/clioviz\/index.php\/wp-json\/wp\/v2\/comments?post=137"}],"version-history":[{"count":10,"href":"https:\/\/dina.uv.es\/clioviz\/index.php\/wp-json\/wp\/v2\/pages\/137\/revisions"}],"predecessor-version":[{"id":254,"href":"https:\/\/dina.uv.es\/clioviz\/index.php\/wp-json\/wp\/v2\/pages\/137\/revisions\/254"}],"wp:attachment":[{"href":"https:\/\/dina.uv.es\/clioviz\/index.php\/wp-json\/wp\/v2\/media?parent=137"}],"curies":[{"name":"wp","href":"https:\/\/api.w.org\/{rel}","templated":true}]}}