{"id":140,"date":"2025-01-27T12:50:52","date_gmt":"2025-01-27T11:50:52","guid":{"rendered":"https:\/\/dina.uv.es\/clioviz\/?page_id=140"},"modified":"2025-01-27T12:55:53","modified_gmt":"2025-01-27T11:55:53","slug":"objetivos","status":"publish","type":"page","link":"https:\/\/dina.uv.es\/clioviz\/index.php\/objetivos\/","title":{"rendered":"OBJETIVOS"},"content":{"rendered":"\n<div class=\"wp-block-group alignfull has-global-padding is-layout-constrained wp-container-core-group-is-layout-aa487d6d wp-block-group-is-layout-constrained wp-container-1 is-position-sticky\" style=\"margin-top:0;margin-bottom:0\">\n<div class=\"wp-block-columns alignfull is-layout-flex wp-container-core-columns-is-layout-9c22b1e3 wp-block-columns-is-layout-flex\">\n<div class=\"wp-block-column is-layout-flow wp-block-column-is-layout-flow\" style=\"flex-basis:10%\"><\/div>\n\n\n\n<div class=\"wp-block-column is-vertically-aligned-center is-style-default is-layout-flow wp-block-column-is-layout-flow\" style=\"padding-top:var(--wp--preset--spacing--60);padding-right:var(--wp--preset--spacing--60);padding-bottom:var(--wp--preset--spacing--60);padding-left:var(--wp--preset--spacing--60)\">\n<div class=\"wp-block-group is-content-justification-center is-nowrap is-layout-flex wp-container-core-group-is-layout-23441af8 wp-block-group-is-layout-flex\">\n<figure class=\"wp-block-image size-full\"><img loading=\"lazy\" decoding=\"async\" width=\"300\" height=\"300\" src=\"https:\/\/dina.uv.es\/clioviz\/wp-content\/uploads\/2025\/01\/objetivo1.webp\" alt=\"\" class=\"wp-image-103\" srcset=\"https:\/\/dina.uv.es\/clioviz\/wp-content\/uploads\/2025\/01\/objetivo1.webp 300w, https:\/\/dina.uv.es\/clioviz\/wp-content\/uploads\/2025\/01\/objetivo1-150x150.webp 150w\" sizes=\"auto, (max-width: 300px) 100vw, 300px\" \/><\/figure>\n<\/div>\n\n\n\n<p class=\"has-text-align-center has-medium-font-size\"><strong>OBJETIVO 1<\/strong><\/p>\n\n\n\n<div class=\"wp-block-group is-content-justification-center is-nowrap is-layout-flex wp-container-core-group-is-layout-23441af8 wp-block-group-is-layout-flex\">\n<p class=\"has-text-align-center has-medium-font-size\">Explorar nuevas estrategias para visualizar grandes cantidades de datos con una perspectiva centrada en el ser humano.<\/p>\n<\/div>\n\n\n\n<hr class=\"wp-block-separator has-alpha-channel-opacity\" style=\"margin-top:var(--wp--preset--spacing--60);margin-bottom:var(--wp--preset--spacing--60)\"\/>\n\n\n\n<div class=\"wp-block-group is-content-justification-center is-nowrap is-layout-flex wp-container-core-group-is-layout-23441af8 wp-block-group-is-layout-flex\">\n<figure class=\"wp-block-image size-full\"><img loading=\"lazy\" decoding=\"async\" width=\"300\" height=\"300\" src=\"https:\/\/dina.uv.es\/clioviz\/wp-content\/uploads\/2025\/01\/objetivo2.webp\" alt=\"\" class=\"wp-image-102\" srcset=\"https:\/\/dina.uv.es\/clioviz\/wp-content\/uploads\/2025\/01\/objetivo2.webp 300w, https:\/\/dina.uv.es\/clioviz\/wp-content\/uploads\/2025\/01\/objetivo2-150x150.webp 150w\" sizes=\"auto, (max-width: 300px) 100vw, 300px\" \/><\/figure>\n<\/div>\n\n\n\n<p class=\"has-text-align-center has-medium-font-size\"><strong>OBJETIVO 2<\/strong><\/p>\n\n\n\n<div class=\"wp-block-group is-content-justification-center is-nowrap is-layout-flex wp-container-core-group-is-layout-23441af8 wp-block-group-is-layout-flex\">\n<p class=\"has-text-align-center has-medium-font-size\">Hacer m\u00e1s accesible el Patrimonio Cultural utilizando medios digitales de forma innovadora para la investigaci\u00f3n y diseminaci\u00f3n.<\/p>\n<\/div>\n\n\n\n<hr class=\"wp-block-separator has-alpha-channel-opacity\" style=\"margin-top:var(--wp--preset--spacing--60);margin-bottom:var(--wp--preset--spacing--60)\"\/>\n\n\n\n<div class=\"wp-block-group is-content-justification-center is-nowrap is-layout-flex wp-container-core-group-is-layout-23441af8 wp-block-group-is-layout-flex\">\n<figure class=\"wp-block-image size-full\"><img loading=\"lazy\" decoding=\"async\" width=\"300\" height=\"300\" src=\"https:\/\/dina.uv.es\/clioviz\/wp-content\/uploads\/2025\/01\/objetivo3.webp\" alt=\"\" class=\"wp-image-101\" srcset=\"https:\/\/dina.uv.es\/clioviz\/wp-content\/uploads\/2025\/01\/objetivo3.webp 300w, https:\/\/dina.uv.es\/clioviz\/wp-content\/uploads\/2025\/01\/objetivo3-150x150.webp 150w\" sizes=\"auto, (max-width: 300px) 100vw, 300px\" \/><\/figure>\n<\/div>\n\n\n\n<p class=\"has-text-align-center has-medium-font-size\"><strong>OBJETIVO 3<\/strong><\/p>\n\n\n\n<div class=\"wp-block-group is-content-justification-center is-nowrap is-layout-flex wp-container-core-group-is-layout-23441af8 wp-block-group-is-layout-flex\">\n<p class=\"has-text-align-center has-medium-font-size\">Aprovechar el conocimiento generado para mejorar la visibilidad online del patrimonio espa\u00f1ol.Hacer m\u00e1s accesible el Patrimonio Cultural utilizando medios digitales de forma innovadora para la investigaci\u00f3n y diseminaci\u00f3n.<\/p>\n<\/div>\n\n\n\n<hr class=\"wp-block-separator has-alpha-channel-opacity\" style=\"margin-top:var(--wp--preset--spacing--60);margin-bottom:var(--wp--preset--spacing--60)\"\/>\n<\/div>\n\n\n\n<div class=\"wp-block-column is-layout-flow wp-block-column-is-layout-flow\" style=\"flex-basis:10%\"><\/div>\n<\/div>\n<\/div>\n\n\n\n<p><\/p>\n","protected":false},"excerpt":{"rendered":"<p>OBJETIVO 1 Explorar nuevas estrategias para visualizar grandes cantidades de datos con una perspectiva centrada en el ser humano. OBJETIVO 2 Hacer m\u00e1s accesible el Patrimonio Cultural utilizando medios digitales de forma innovadora para la investigaci\u00f3n y diseminaci\u00f3n. OBJETIVO 3 Aprovechar el conocimiento generado para mejorar la visibilidad online del patrimonio espa\u00f1ol.Hacer m\u00e1s accesible el [&hellip;]<\/p>\n","protected":false},"author":2,"featured_media":0,"parent":0,"menu_order":0,"comment_status":"closed","ping_status":"closed","template":"","meta":{"footnotes":""},"class_list":["post-140","page","type-page","status-publish","hentry"],"_links":{"self":[{"href":"https:\/\/dina.uv.es\/clioviz\/index.php\/wp-json\/wp\/v2\/pages\/140","targetHints":{"allow":["GET"]}}],"collection":[{"href":"https:\/\/dina.uv.es\/clioviz\/index.php\/wp-json\/wp\/v2\/pages"}],"about":[{"href":"https:\/\/dina.uv.es\/clioviz\/index.php\/wp-json\/wp\/v2\/types\/page"}],"author":[{"embeddable":true,"href":"https:\/\/dina.uv.es\/clioviz\/index.php\/wp-json\/wp\/v2\/users\/2"}],"replies":[{"embeddable":true,"href":"https:\/\/dina.uv.es\/clioviz\/index.php\/wp-json\/wp\/v2\/comments?post=140"}],"version-history":[{"count":2,"href":"https:\/\/dina.uv.es\/clioviz\/index.php\/wp-json\/wp\/v2\/pages\/140\/revisions"}],"predecessor-version":[{"id":144,"href":"https:\/\/dina.uv.es\/clioviz\/index.php\/wp-json\/wp\/v2\/pages\/140\/revisions\/144"}],"wp:attachment":[{"href":"https:\/\/dina.uv.es\/clioviz\/index.php\/wp-json\/wp\/v2\/media?parent=140"}],"curies":[{"name":"wp","href":"https:\/\/api.w.org\/{rel}","templated":true}]}}