{"id":59,"date":"2025-01-07T09:29:00","date_gmt":"2025-01-07T09:29:00","guid":{"rendered":"http:\/\/localhost:10018\/?page_id=59"},"modified":"2025-09-09T11:48:41","modified_gmt":"2025-09-09T09:48:41","slug":"equipo-investigador","status":"publish","type":"page","link":"https:\/\/dina.uv.es\/clioviz\/index.php\/equipo-investigador\/","title":{"rendered":"EQUIPO INVESTIGADOR"},"content":{"rendered":"\n<div class=\"wp-block-group alignfull has-global-padding is-layout-constrained wp-container-core-group-is-layout-aa487d6d wp-block-group-is-layout-constrained wp-container-8 is-position-sticky\" style=\"margin-top:0;margin-bottom:0\">\n<div class=\"wp-block-columns alignfull is-layout-flex wp-container-core-columns-is-layout-9c22b1e3 wp-block-columns-is-layout-flex\">\n<div class=\"wp-block-column is-layout-flow wp-block-column-is-layout-flow\" style=\"flex-basis:10%\">\n<div class=\"wp-block-columns is-layout-flex wp-container-core-columns-is-layout-28f84493 wp-block-columns-is-layout-flex\">\n<div class=\"wp-block-column is-layout-flow wp-block-column-is-layout-flow\" style=\"flex-basis:25%\"><\/div>\n\n\n\n<div class=\"wp-block-column is-layout-flow wp-block-column-is-layout-flow\" style=\"flex-basis:50%\"><\/div>\n\n\n\n<div class=\"wp-block-column is-layout-flow wp-block-column-is-layout-flow\" style=\"flex-basis:25%\"><\/div>\n<\/div>\n<\/div>\n\n\n\n<div class=\"wp-block-column is-layout-flow wp-block-column-is-layout-flow\">\n<div class=\"wp-block-cover is-light has-border-color has-accent-4-border-color has-aspect-ratio\" style=\"border-width:5px;border-radius:50px;aspect-ratio:1;min-height:unset;\"><span aria-hidden=\"true\" class=\"wp-block-cover__background has-base-background-color has-background-dim-0 has-background-dim\"><\/span><img loading=\"lazy\" decoding=\"async\" width=\"403\" height=\"443\" class=\"wp-block-cover__image-background wp-image-107\" alt=\"\" src=\"https:\/\/dina.uv.es\/clioviz\/wp-content\/uploads\/2025\/01\/cristina.jpg\" data-object-fit=\"cover\" srcset=\"https:\/\/dina.uv.es\/clioviz\/wp-content\/uploads\/2025\/01\/cristina.jpg 403w, https:\/\/dina.uv.es\/clioviz\/wp-content\/uploads\/2025\/01\/cristina-273x300.jpg 273w\" sizes=\"auto, (max-width: 403px) 100vw, 403px\" \/><div class=\"wp-block-cover__inner-container has-global-padding is-layout-constrained wp-container-core-cover-is-layout-16e67051 wp-block-cover-is-layout-constrained\">\n<div style=\"height:var(--wp--preset--spacing--20)\" aria-hidden=\"true\" class=\"wp-block-spacer\"><\/div>\n<\/div><\/div>\n<\/div>\n\n\n\n<div class=\"wp-block-column is-vertically-aligned-center is-style-default is-layout-flow wp-block-column-is-layout-flow\" style=\"padding-top:var(--wp--preset--spacing--60);padding-right:var(--wp--preset--spacing--60);padding-bottom:var(--wp--preset--spacing--60);padding-left:var(--wp--preset--spacing--60)\">\n<h2 class=\"wp-block-heading has-xx-large-font-size\">Cristina Portal\u00e9s<\/h2>\n\n\n\n<p class=\"is-style-text-subtitle is-style-text-subtitle--1\">Investigadora principal<\/p>\n\n\n\n<p class=\"has-medium-font-size\">Ram\u00f3n y Cajal researcher in the ARTEC group of the Institute of Robotics and Information and Communication Technologies. Professor at the School of Engineering of the University of Valencia.<\/p>\n<\/div>\n\n\n\n<div class=\"wp-block-column is-layout-flow wp-block-column-is-layout-flow\" style=\"flex-basis:10%\"><\/div>\n<\/div>\n\n\n\n<div class=\"wp-block-columns alignfull is-layout-flex wp-container-core-columns-is-layout-9c22b1e3 wp-block-columns-is-layout-flex\">\n<div class=\"wp-block-column is-layout-flow wp-block-column-is-layout-flow\" style=\"flex-basis:10%\">\n<div class=\"wp-block-columns is-layout-flex wp-container-core-columns-is-layout-28f84493 wp-block-columns-is-layout-flex\">\n<div class=\"wp-block-column is-layout-flow wp-block-column-is-layout-flow\" style=\"flex-basis:25%\"><\/div>\n\n\n\n<div class=\"wp-block-column is-layout-flow wp-block-column-is-layout-flow\" style=\"flex-basis:50%\"><\/div>\n\n\n\n<div class=\"wp-block-column is-layout-flow wp-block-column-is-layout-flow\" style=\"flex-basis:25%\"><\/div>\n<\/div>\n<\/div>\n\n\n\n<div class=\"wp-block-column is-vertically-aligned-center is-style-default is-layout-flow wp-block-column-is-layout-flow\" style=\"padding-top:var(--wp--preset--spacing--60);padding-right:var(--wp--preset--spacing--60);padding-bottom:var(--wp--preset--spacing--60);padding-left:var(--wp--preset--spacing--60)\">\n<h2 class=\"wp-block-heading has-xx-large-font-size\">Jorge Sebasti\u00e1n<\/h2>\n\n\n\n<p class=\"is-style-text-subtitle is-style-text-subtitle--2\">Investigador principal<\/p>\n\n\n\n<p class=\"has-medium-font-size\">Profesor del Departamento de Historia del Arte de la Universidad de Valencia. Experto en Humanidades Digitales y Tecnolog\u00edas Sem\u00e1nticas aplicadas al Patrimonio Cultural, temas que ha impartido en el M\u00e1ster Universitario en Patrimonio Cultural de la Universidad de Valencia.<\/p>\n<\/div>\n\n\n\n<div class=\"wp-block-column is-layout-flow wp-block-column-is-layout-flow\">\n<div class=\"wp-block-cover is-light has-border-color has-accent-4-border-color has-aspect-ratio\" style=\"border-width:5px;border-radius:50px;aspect-ratio:1;min-height:unset;\"><span aria-hidden=\"true\" class=\"wp-block-cover__background has-base-background-color has-background-dim-0 has-background-dim\"><\/span><img loading=\"lazy\" decoding=\"async\" width=\"415\" height=\"400\" class=\"wp-block-cover__image-background wp-image-110\" alt=\"\" src=\"https:\/\/dina.uv.es\/clioviz\/wp-content\/uploads\/2025\/01\/jorge.jpg\" data-object-fit=\"cover\" srcset=\"https:\/\/dina.uv.es\/clioviz\/wp-content\/uploads\/2025\/01\/jorge.jpg 415w, https:\/\/dina.uv.es\/clioviz\/wp-content\/uploads\/2025\/01\/jorge-300x289.jpg 300w\" sizes=\"auto, (max-width: 415px) 100vw, 415px\" \/><div class=\"wp-block-cover__inner-container has-global-padding is-layout-constrained wp-container-core-cover-is-layout-16e67051 wp-block-cover-is-layout-constrained\">\n<div style=\"height:var(--wp--preset--spacing--20)\" aria-hidden=\"true\" class=\"wp-block-spacer\"><\/div>\n<\/div><\/div>\n<\/div>\n\n\n\n<div class=\"wp-block-column is-layout-flow wp-block-column-is-layout-flow\" style=\"flex-basis:10%\"><\/div>\n<\/div>\n\n\n\n<div class=\"wp-block-columns alignfull is-layout-flex wp-container-core-columns-is-layout-9c22b1e3 wp-block-columns-is-layout-flex\">\n<div class=\"wp-block-column is-layout-flow wp-block-column-is-layout-flow\" style=\"flex-basis:10%\">\n<div class=\"wp-block-columns is-layout-flex wp-container-core-columns-is-layout-28f84493 wp-block-columns-is-layout-flex\">\n<div class=\"wp-block-column is-layout-flow wp-block-column-is-layout-flow\" style=\"flex-basis:25%\"><\/div>\n\n\n\n<div class=\"wp-block-column is-layout-flow wp-block-column-is-layout-flow\" style=\"flex-basis:50%\"><\/div>\n\n\n\n<div class=\"wp-block-column is-layout-flow wp-block-column-is-layout-flow\" style=\"flex-basis:25%\"><\/div>\n<\/div>\n<\/div>\n\n\n\n<div class=\"wp-block-column is-layout-flow wp-block-column-is-layout-flow\">\n<div class=\"wp-block-cover has-border-color has-accent-4-border-color has-aspect-ratio\" style=\"border-width:5px;border-radius:50px;aspect-ratio:1;min-height:unset;\"><span aria-hidden=\"true\" class=\"wp-block-cover__background has-base-background-color has-background-dim-0 has-background-dim\"><\/span><img loading=\"lazy\" decoding=\"async\" width=\"358\" height=\"350\" class=\"wp-block-cover__image-background wp-image-111\" alt=\"\" src=\"https:\/\/dina.uv.es\/clioviz\/wp-content\/uploads\/2025\/01\/laya.jpg\" data-object-fit=\"cover\" srcset=\"https:\/\/dina.uv.es\/clioviz\/wp-content\/uploads\/2025\/01\/laya.jpg 358w, https:\/\/dina.uv.es\/clioviz\/wp-content\/uploads\/2025\/01\/laya-300x293.jpg 300w\" sizes=\"auto, (max-width: 358px) 100vw, 358px\" \/><div class=\"wp-block-cover__inner-container has-global-padding is-layout-constrained wp-container-core-cover-is-layout-16e67051 wp-block-cover-is-layout-constrained\">\n<div style=\"height:var(--wp--preset--spacing--20)\" aria-hidden=\"true\" class=\"wp-block-spacer\"><\/div>\n<\/div><\/div>\n<\/div>\n\n\n\n<div class=\"wp-block-column is-vertically-aligned-center is-style-default is-layout-flow wp-block-column-is-layout-flow\" style=\"padding-top:var(--wp--preset--spacing--60);padding-right:var(--wp--preset--spacing--60);padding-bottom:var(--wp--preset--spacing--60);padding-left:var(--wp--preset--spacing--60)\">\n<h2 class=\"wp-block-heading has-xx-large-font-size\">Laya Targa<\/h2>\n\n\n\n<p class=\"is-style-text-subtitle is-style-text-subtitle--3\">Equipo Investigador<\/p>\n\n\n\n<p class=\"has-medium-font-size\">Graduada en Ciencia de Datos por la Universitat de Valencia, M\u00e1ster en Formaci\u00f3n del Profesorado de ESO, Bachillerato, FP y Ense\u00f1anza de Idiomas con especialidad matem\u00e1ticas (Universidad CEU Cardenal Herrera); as\u00ed como M\u00e1ster en Inteligencia Artificial, Reconocimiento de Formas e Imagen Digital (Universitat Polit\u00e8cnica de Val\u00e8ncia).<\/p>\n<\/div>\n\n\n\n<div class=\"wp-block-column is-layout-flow wp-block-column-is-layout-flow\" style=\"flex-basis:10%\"><\/div>\n<\/div>\n\n\n\n<div class=\"wp-block-columns alignfull is-layout-flex wp-container-core-columns-is-layout-9c22b1e3 wp-block-columns-is-layout-flex\">\n<div class=\"wp-block-column is-layout-flow wp-block-column-is-layout-flow\" style=\"flex-basis:10%\">\n<div class=\"wp-block-columns is-layout-flex wp-container-core-columns-is-layout-28f84493 wp-block-columns-is-layout-flex\">\n<div class=\"wp-block-column is-layout-flow wp-block-column-is-layout-flow\" style=\"flex-basis:25%\"><\/div>\n\n\n\n<div class=\"wp-block-column is-layout-flow wp-block-column-is-layout-flow\" style=\"flex-basis:50%\"><\/div>\n\n\n\n<div class=\"wp-block-column is-layout-flow wp-block-column-is-layout-flow\" style=\"flex-basis:25%\"><\/div>\n<\/div>\n<\/div>\n\n\n\n<div class=\"wp-block-column is-vertically-aligned-center is-style-default is-layout-flow wp-block-column-is-layout-flow\" style=\"padding-top:var(--wp--preset--spacing--60);padding-right:var(--wp--preset--spacing--60);padding-bottom:var(--wp--preset--spacing--60);padding-left:var(--wp--preset--spacing--60)\">\n<h2 class=\"wp-block-heading has-xx-large-font-size\">Esperanza Villuendas<\/h2>\n\n\n\n<p class=\"is-style-text-subtitle is-style-text-subtitle--4\">Equipo Investigador<\/p>\n\n\n\n<p class=\"has-medium-font-size\">Investigadora Conservadora Digital de Patrimonio Cultural. M\u00e1ster de Patrimonio Cultural y Grado en Historia del Arte por la Universitat de Val\u00e8ncia. Ha trabajado como conservadora de museo y catalogadora en el Ajuntament de Val\u00e8ncia.&nbsp;<\/p>\n<\/div>\n\n\n\n<div class=\"wp-block-column is-layout-flow wp-block-column-is-layout-flow\">\n<div class=\"wp-block-cover is-light has-border-color has-accent-4-border-color has-aspect-ratio\" style=\"border-width:5px;border-radius:50px;aspect-ratio:1;min-height:unset;\"><span aria-hidden=\"true\" class=\"wp-block-cover__background has-base-background-color has-background-dim-0 has-background-dim\"><\/span><img loading=\"lazy\" decoding=\"async\" width=\"388\" height=\"409\" class=\"wp-block-cover__image-background wp-image-108\" alt=\"\" src=\"https:\/\/dina.uv.es\/clioviz\/wp-content\/uploads\/2025\/01\/espe.jpg\" data-object-fit=\"cover\" srcset=\"https:\/\/dina.uv.es\/clioviz\/wp-content\/uploads\/2025\/01\/espe.jpg 388w, https:\/\/dina.uv.es\/clioviz\/wp-content\/uploads\/2025\/01\/espe-285x300.jpg 285w\" sizes=\"auto, (max-width: 388px) 100vw, 388px\" \/><div class=\"wp-block-cover__inner-container has-global-padding is-layout-constrained wp-container-core-cover-is-layout-16e67051 wp-block-cover-is-layout-constrained\">\n<div style=\"height:var(--wp--preset--spacing--20)\" aria-hidden=\"true\" class=\"wp-block-spacer\"><\/div>\n<\/div><\/div>\n<\/div>\n\n\n\n<div class=\"wp-block-column is-layout-flow wp-block-column-is-layout-flow\" style=\"flex-basis:10%\"><\/div>\n<\/div>\n\n\n\n<div class=\"wp-block-columns alignfull is-layout-flex wp-container-core-columns-is-layout-9c22b1e3 wp-block-columns-is-layout-flex\">\n<div class=\"wp-block-column is-layout-flow wp-block-column-is-layout-flow\" style=\"flex-basis:10%\">\n<div class=\"wp-block-columns is-layout-flex wp-container-core-columns-is-layout-28f84493 wp-block-columns-is-layout-flex\">\n<div class=\"wp-block-column is-layout-flow wp-block-column-is-layout-flow\" style=\"flex-basis:25%\"><\/div>\n\n\n\n<div class=\"wp-block-column is-layout-flow wp-block-column-is-layout-flow\" style=\"flex-basis:50%\"><\/div>\n\n\n\n<div class=\"wp-block-column is-layout-flow wp-block-column-is-layout-flow\" style=\"flex-basis:25%\"><\/div>\n<\/div>\n<\/div>\n\n\n\n<div class=\"wp-block-column is-layout-flow wp-block-column-is-layout-flow\">\n<div class=\"wp-block-cover has-border-color has-accent-4-border-color has-aspect-ratio\" style=\"border-width:5px;border-radius:50px;aspect-ratio:1;min-height:unset;\"><span aria-hidden=\"true\" class=\"wp-block-cover__background has-base-background-color has-background-dim-0 has-background-dim\"><\/span><img loading=\"lazy\" decoding=\"async\" width=\"470\" height=\"470\" class=\"wp-block-cover__image-background wp-image-109\" alt=\"\" src=\"https:\/\/dina.uv.es\/clioviz\/wp-content\/uploads\/2025\/01\/inma.jpg\" data-object-fit=\"cover\" srcset=\"https:\/\/dina.uv.es\/clioviz\/wp-content\/uploads\/2025\/01\/inma.jpg 470w, https:\/\/dina.uv.es\/clioviz\/wp-content\/uploads\/2025\/01\/inma-300x300.jpg 300w, https:\/\/dina.uv.es\/clioviz\/wp-content\/uploads\/2025\/01\/inma-150x150.jpg 150w\" sizes=\"auto, (max-width: 470px) 100vw, 470px\" \/><div class=\"wp-block-cover__inner-container has-global-padding is-layout-constrained wp-container-core-cover-is-layout-16e67051 wp-block-cover-is-layout-constrained\">\n<div style=\"height:var(--wp--preset--spacing--20)\" aria-hidden=\"true\" class=\"wp-block-spacer\"><\/div>\n<\/div><\/div>\n<\/div>\n\n\n\n<div class=\"wp-block-column is-vertically-aligned-center is-style-default is-layout-flow wp-block-column-is-layout-flow\" style=\"padding-top:var(--wp--preset--spacing--60);padding-right:var(--wp--preset--spacing--60);padding-bottom:var(--wp--preset--spacing--60);padding-left:var(--wp--preset--spacing--60)\">\n<h2 class=\"wp-block-heading has-xx-large-font-size\">Inmaculada Coma<\/h2>\n\n\n\n<p class=\"is-style-text-subtitle is-style-text-subtitle--5\">Equipo Investigador<\/p>\n\n\n\n<p class=\"has-medium-font-size\">Lic. en Ciencias F\u00edsicas, PhD en Ingenier\u00eda Inform\u00e1tica. Subdirectora y Profesora Titular en la Escuela T\u00e9cnica Superior de Ingenier\u00eda de la UV. Miembro del grupo ARTEC del Instituto de Rob\u00f3tica y Tecnolog\u00edas de la Informaci\u00f3n y las Comunicaciones.<\/p>\n<\/div>\n\n\n\n<div class=\"wp-block-column is-layout-flow wp-block-column-is-layout-flow\" style=\"flex-basis:10%\"><\/div>\n<\/div>\n\n\n\n<div class=\"wp-block-columns alignfull is-layout-flex wp-container-core-columns-is-layout-9c22b1e3 wp-block-columns-is-layout-flex\">\n<div class=\"wp-block-column is-layout-flow wp-block-column-is-layout-flow\" style=\"flex-basis:10%\">\n<div class=\"wp-block-columns is-layout-flex wp-container-core-columns-is-layout-28f84493 wp-block-columns-is-layout-flex\">\n<div class=\"wp-block-column is-layout-flow wp-block-column-is-layout-flow\" style=\"flex-basis:25%\"><\/div>\n\n\n\n<div class=\"wp-block-column is-layout-flow wp-block-column-is-layout-flow\" style=\"flex-basis:50%\"><\/div>\n\n\n\n<div class=\"wp-block-column is-layout-flow wp-block-column-is-layout-flow\" style=\"flex-basis:25%\"><\/div>\n<\/div>\n<\/div>\n\n\n\n<div class=\"wp-block-column is-vertically-aligned-center is-style-default is-layout-flow wp-block-column-is-layout-flow\" style=\"padding-top:var(--wp--preset--spacing--60);padding-right:var(--wp--preset--spacing--60);padding-bottom:var(--wp--preset--spacing--60);padding-left:var(--wp--preset--spacing--60)\">\n<h2 class=\"wp-block-heading has-xx-large-font-size\">Marcos Fern\u00e1ndez<\/h2>\n\n\n\n<p class=\"is-style-text-subtitle is-style-text-subtitle--6\">Equipo Investigador<\/p>\n\n\n\n<p class=\"has-medium-font-size\">Director del grupo ARTEC del Instituto de Rob\u00f3tica y Tecnolog\u00edas de la Informaci\u00f3n y la Comunicaci\u00f3n.<\/p>\n<\/div>\n\n\n\n<div class=\"wp-block-column is-layout-flow wp-block-column-is-layout-flow\">\n<div class=\"wp-block-cover is-light has-border-color has-accent-4-border-color has-aspect-ratio\" style=\"border-width:5px;border-radius:50px;aspect-ratio:1;min-height:unset;\"><span aria-hidden=\"true\" class=\"wp-block-cover__background has-base-background-color has-background-dim-0 has-background-dim\"><\/span><img loading=\"lazy\" decoding=\"async\" width=\"252\" height=\"300\" class=\"wp-block-cover__image-background wp-image-161\" alt=\"\" src=\"https:\/\/dina.uv.es\/clioviz\/wp-content\/uploads\/2025\/01\/marcos-252x300-1.jpg\" data-object-fit=\"cover\"\/><div class=\"wp-block-cover__inner-container has-global-padding is-layout-constrained wp-container-core-cover-is-layout-16e67051 wp-block-cover-is-layout-constrained\">\n<div style=\"height:var(--wp--preset--spacing--20)\" aria-hidden=\"true\" class=\"wp-block-spacer\"><\/div>\n<\/div><\/div>\n<\/div>\n\n\n\n<div class=\"wp-block-column is-layout-flow wp-block-column-is-layout-flow\" style=\"flex-basis:10%\"><\/div>\n<\/div>\n\n\n\n<div class=\"wp-block-columns alignfull is-layout-flex wp-container-core-columns-is-layout-9c22b1e3 wp-block-columns-is-layout-flex\">\n<div class=\"wp-block-column is-layout-flow wp-block-column-is-layout-flow\" style=\"flex-basis:10%\">\n<div class=\"wp-block-columns is-layout-flex wp-container-core-columns-is-layout-28f84493 wp-block-columns-is-layout-flex\">\n<div class=\"wp-block-column is-layout-flow wp-block-column-is-layout-flow\" style=\"flex-basis:25%\"><\/div>\n\n\n\n<div class=\"wp-block-column is-layout-flow wp-block-column-is-layout-flow\" style=\"flex-basis:50%\"><\/div>\n\n\n\n<div class=\"wp-block-column is-layout-flow wp-block-column-is-layout-flow\" style=\"flex-basis:25%\"><\/div>\n<\/div>\n<\/div>\n\n\n\n<div class=\"wp-block-column is-layout-flow wp-block-column-is-layout-flow\">\n<div class=\"wp-block-cover is-light has-border-color has-accent-4-border-color has-aspect-ratio\" style=\"border-width:5px;border-radius:50px;aspect-ratio:1;min-height:unset;\"><span aria-hidden=\"true\" class=\"wp-block-cover__background has-base-background-color has-background-dim-0 has-background-dim\"><\/span><img loading=\"lazy\" decoding=\"async\" width=\"432\" height=\"444\" class=\"wp-block-cover__image-background wp-image-112\" alt=\"\" src=\"https:\/\/dina.uv.es\/clioviz\/wp-content\/uploads\/2025\/01\/pedro.jpg\" data-object-fit=\"cover\" srcset=\"https:\/\/dina.uv.es\/clioviz\/wp-content\/uploads\/2025\/01\/pedro.jpg 432w, https:\/\/dina.uv.es\/clioviz\/wp-content\/uploads\/2025\/01\/pedro-292x300.jpg 292w\" sizes=\"auto, (max-width: 432px) 100vw, 432px\" \/><div class=\"wp-block-cover__inner-container has-global-padding is-layout-constrained wp-container-core-cover-is-layout-16e67051 wp-block-cover-is-layout-constrained\">\n<div style=\"height:var(--wp--preset--spacing--20)\" aria-hidden=\"true\" class=\"wp-block-spacer\"><\/div>\n<\/div><\/div>\n<\/div>\n\n\n\n<div class=\"wp-block-column is-vertically-aligned-center is-style-default is-layout-flow wp-block-column-is-layout-flow\" style=\"padding-top:var(--wp--preset--spacing--60);padding-right:var(--wp--preset--spacing--60);padding-bottom:var(--wp--preset--spacing--60);padding-left:var(--wp--preset--spacing--60)\">\n<h2 class=\"wp-block-heading has-xx-large-font-size\">Pedro Morillo<\/h2>\n\n\n\n<p class=\"is-style-text-subtitle is-style-text-subtitle--7\">Equipo Investigador<\/p>\n\n\n\n<p class=\"has-medium-font-size\">Investigador en el Instituto de Rob\u00f3tica y Tecnolog\u00edas de la Informaci\u00f3n y la Comunicaci\u00f3n.&nbsp;Docente en el Grado de Ingenier\u00eda Inform\u00e1tica.<\/p>\n<\/div>\n\n\n\n<div class=\"wp-block-column is-layout-flow wp-block-column-is-layout-flow\" style=\"flex-basis:10%\"><\/div>\n<\/div>\n<\/div>\n","protected":false},"excerpt":{"rendered":"<p>Cristina Portal\u00e9s Investigadora principal Ram\u00f3n y Cajal researcher in the ARTEC group of the Institute of Robotics and Information and Communication Technologies. Professor at the School of Engineering of the University of Valencia. Jorge Sebasti\u00e1n Investigador principal Profesor del Departamento de Historia del Arte de la Universidad de Valencia. Experto en Humanidades Digitales y Tecnolog\u00edas [&hellip;]<\/p>\n","protected":false},"author":2,"featured_media":0,"parent":0,"menu_order":0,"comment_status":"closed","ping_status":"closed","template":"","meta":{"footnotes":""},"class_list":["post-59","page","type-page","status-publish","hentry"],"_links":{"self":[{"href":"https:\/\/dina.uv.es\/clioviz\/index.php\/wp-json\/wp\/v2\/pages\/59","targetHints":{"allow":["GET"]}}],"collection":[{"href":"https:\/\/dina.uv.es\/clioviz\/index.php\/wp-json\/wp\/v2\/pages"}],"about":[{"href":"https:\/\/dina.uv.es\/clioviz\/index.php\/wp-json\/wp\/v2\/types\/page"}],"author":[{"embeddable":true,"href":"https:\/\/dina.uv.es\/clioviz\/index.php\/wp-json\/wp\/v2\/users\/2"}],"replies":[{"embeddable":true,"href":"https:\/\/dina.uv.es\/clioviz\/index.php\/wp-json\/wp\/v2\/comments?post=59"}],"version-history":[{"count":2,"href":"https:\/\/dina.uv.es\/clioviz\/index.php\/wp-json\/wp\/v2\/pages\/59\/revisions"}],"predecessor-version":[{"id":162,"href":"https:\/\/dina.uv.es\/clioviz\/index.php\/wp-json\/wp\/v2\/pages\/59\/revisions\/162"}],"wp:attachment":[{"href":"https:\/\/dina.uv.es\/clioviz\/index.php\/wp-json\/wp\/v2\/media?parent=59"}],"curies":[{"name":"wp","href":"https:\/\/api.w.org\/{rel}","templated":true}]}}